{"id":1480,"date":"2025-04-18T14:35:23","date_gmt":"2025-04-18T12:35:23","guid":{"rendered":"https:\/\/trevigroupstg.wpenginepowered.com\/it\/codice-etico\/"},"modified":"2025-12-19T12:46:01","modified_gmt":"2025-12-19T11:46:01","slug":"codice-etico","status":"publish","type":"page","link":"https:\/\/www.trevigroup.com\/it\/sostenibilita\/codici-politiche-e-organizzazione\/codice-etico\/","title":{"rendered":"Codice Etico"},"content":{"rendered":"\n<p><strong>Il&nbsp;Codice Etico esprime gli impegni e le responsabilit\u00e0 etiche nella conduzione degli affari e delle attivit\u00e0&nbsp;aziendali assunti dai collaboratori di Trevi Finanziaria Industriale S.p.A. e delle Societ\u00e0 da essa controllate&nbsp;direttamente o indirettamente (di seguito anche il \u201cGruppo Trevi\u201d o \u201cil Gruppo\u201d o \u201cTrevi\u201d), siano essi amministratori o dipendenti in ogni accezione di tali imprese.<\/strong><\/p>\n\n\n\n<p>E\u2019 convincimento del Gruppo che <strong>l\u2019etica nella conduzione della propria attivit\u00e0 sia condizione indispensabile&nbsp;per il suo successo, strumento di promozione della propria immagine e rappresenti un patrimonio essenziale della Societ\u00e0&nbsp;<\/strong>. A tal fine Trevi Finanziaria Industriale S.p.A., ha deciso di adottare un proprio Codice Etico&nbsp;che, in linea con i principi di correttezza, lealt\u00e0, onest\u00e0 gi\u00e0 condivisi dall\u2019azienda, \u00e8 volto a regolare attraverso&nbsp;norme comportamentali, l\u2019attivit\u00e0 dell\u2019azienda stessa, fissando i principi generali cui devono conformarsi le&nbsp;Societ\u00e0 del Gruppo Trevi.<\/p>\n\n\n\n<p>Il presente Codice costituisce parte integrante del sistema di organizzazione, gestione e controllo del Gruppo ai sensi del decreto legislativo 8 giugno 2001, n. 231, recante \u201cdisciplina della responsabilit\u00e0 amministrativa delle persone giuridiche, delle societ\u00e0 e delle associazioni anche prive di personalit\u00e0 giuridica, a\u00a0norma dell\u2019articolo 11 della legge 29 settembre 2000, n. 300\u201d.<\/p>\n\n\n\n<p><strong>Codice Etico Gruppo Trevi: <a href=\"https:\/\/www.trevigroup.com\/it\/wp-content\/uploads\/sites\/2\/2025\/10\/CodiceEtico_GruppoTrevi_2025_ITA.pdf\" target=\"_blank\" rel=\"noreferrer noopener\">clicca qui per il download<\/a><\/strong><\/p>\n","protected":false},"excerpt":{"rendered":"<p>Il&nbsp;Codice Etico esprime gli impegni e le responsabilit\u00e0 etiche nella conduzione degli affari e delle attivit\u00e0&nbsp;aziendali assunti dai collaboratori di Trevi Finanziaria Industriale S.p.A. e delle Societ\u00e0 da essa controllate&nbsp;direttamente o indirettamente (di seguito anche il \u201cGruppo Trevi\u201d o \u201cil Gruppo\u201d o \u201cTrevi\u201d), siano essi amministratori o dipendenti in ogni accezione di tali imprese. E\u2019 [&hellip;]<\/p>\n","protected":false},"author":4,"featured_media":1481,"parent":1537,"menu_order":0,"comment_status":"closed","ping_status":"closed","template":"template-menu-custom.php","meta":{"_acf_changed":true,"footnotes":""},"class_list":["post-1480","page","type-page","status-publish","has-post-thumbnail","hentry"],"featured_image_src":"https:\/\/www.trevigroup.com\/it\/wp-content\/uploads\/sites\/2\/2025\/04\/3464_z_BannerSustainability_POLITICHE.jpg","featured_image_src_square":"https:\/\/www.trevigroup.com\/it\/wp-content\/uploads\/sites\/2\/2025\/04\/3464_z_BannerSustainability_POLITICHE.jpg","acf":[],"_links":{"self":[{"href":"https:\/\/www.trevigroup.com\/it\/wp-json\/wp\/v2\/pages\/1480","targetHints":{"allow":["GET"]}}],"collection":[{"href":"https:\/\/www.trevigroup.com\/it\/wp-json\/wp\/v2\/pages"}],"about":[{"href":"https:\/\/www.trevigroup.com\/it\/wp-json\/wp\/v2\/types\/page"}],"author":[{"embeddable":true,"href":"https:\/\/www.trevigroup.com\/it\/wp-json\/wp\/v2\/users\/4"}],"replies":[{"embeddable":true,"href":"https:\/\/www.trevigroup.com\/it\/wp-json\/wp\/v2\/comments?post=1480"}],"version-history":[{"count":0,"href":"https:\/\/www.trevigroup.com\/it\/wp-json\/wp\/v2\/pages\/1480\/revisions"}],"up":[{"embeddable":true,"href":"https:\/\/www.trevigroup.com\/it\/wp-json\/wp\/v2\/pages\/1537"}],"wp:featuredmedia":[{"embeddable":true,"href":"https:\/\/www.trevigroup.com\/it\/wp-json\/wp\/v2\/media\/1481"}],"wp:attachment":[{"href":"https:\/\/www.trevigroup.com\/it\/wp-json\/wp\/v2\/media?parent=1480"}],"curies":[{"name":"wp","href":"https:\/\/api.w.org\/{rel}","templated":true}]}}