{"id":1495,"date":"2025-04-18T14:35:23","date_gmt":"2025-04-18T12:35:23","guid":{"rendered":"https:\/\/trevigroupstg.wpenginepowered.com\/it\/diversita-inclusione-e-parita-di-genere\/"},"modified":"2025-12-19T12:52:34","modified_gmt":"2025-12-19T11:52:34","slug":"diversita-inclusione-e-parita-di-genere","status":"publish","type":"page","link":"https:\/\/www.trevigroup.com\/it\/sostenibilita\/codici-politiche-e-organizzazione\/gestione-della-sicurezza-delle-informazioni\/diversita-inclusione-e-parita-di-genere\/","title":{"rendered":"Diversit\u00e0 &amp; Inclusione e Parit\u00e0 di Genere"},"content":{"rendered":"\n<p><strong>Sin dalla fondazione, Trevi ha promosso e sostenuto i valori della diversit\u00e0 e dell\u2019inclusione<\/strong>. Elementi imprescindibili per una realt\u00e0 che lavora in ciascuno dei cinque continenti, spesso a contatto con realt\u00e0 uniche, con popoli diversi, con culture differenti. Cos\u00ec la diversit\u00e0 \u00e8 sempre stata per Trevi fonte d\u2019ispirazione, contribuendo all\u2019innovazione e alla creazione di valore con effetti positivi anche sul business e consentendo di cogliere le sfide di un mondo in continua evoluzione. Allo stesso modo l\u2019inclusivit\u00e0 \u00e8 fondamentale per garantire a tutte le persone dell\u2019organizzazione equit\u00e0 e pari opportunit\u00e0, tutelando e valorizzando la loro unicit\u00e0. Si tratta di un\u2019assunzione di responsabilit\u00e0 che richiede il costante contributo di tutta l\u2019organizzazione in termini di politiche, processi, pratiche organizzative e comportamenti consci e inconsci delle singole persone.<\/p>\n\n\n\n<p><strong>Trevi Spa &#8211; Attestazione\u00a0ISO 30415:2021: <a href=\"https:\/\/www.trevigroup.com\/it\/wp-content\/uploads\/sites\/2\/2025\/11\/ISO_30415-ITA-Trevi-Spa.pdf\">clicca qui per il download<\/a><\/strong><\/p>\n\n\n\n<p><strong>Trevi Finanziaria &#8211; Attestazione\u00a0ISO 30415:2021: <a href=\"https:\/\/www.trevigroup.com\/it\/wp-content\/uploads\/sites\/2\/2025\/11\/ISO_30415-ITA-Trevi-Fin.pdf\" target=\"_blank\" rel=\"noreferrer noopener\">clicca qui per il download<\/a><\/strong><\/p>\n\n\n\n<p><strong>Trevi Spa &#8211; Certificazione\u00a0UNI\/PdR 125:2022: <a href=\"https:\/\/www.trevigroup.com\/it\/wp-content\/uploads\/sites\/2\/2025\/04\/UNI_PdR_125-2022-C631466-0-it-IT-20231003-20231003122957.pdf\">clicca qui per il download<\/a><\/strong><\/p>\n\n\n\n<p><strong>Gruppo Trevi &#8211;\u00a0Politica sulla diversit\u00e0 ed inclusione e parit\u00e0 di genere:\u00a0<a href=\"https:\/\/www.trevigroup.com\/it\/wp-content\/uploads\/sites\/2\/2025\/04\/Politica-D-e-I-e-Parita-di-Genere-ITA1.pdf\">clicca qui per visualizzare\/scaricare il documento<\/a><\/strong><\/p>\n","protected":false},"excerpt":{"rendered":"<p>Sin dalla fondazione, Trevi ha promosso e sostenuto i valori della diversit\u00e0 e dell\u2019inclusione. Elementi imprescindibili per una realt\u00e0 che lavora in ciascuno dei cinque continenti, spesso a contatto con realt\u00e0 uniche, con popoli diversi, con culture differenti. Cos\u00ec la diversit\u00e0 \u00e8 sempre stata per Trevi fonte d\u2019ispirazione, contribuendo all\u2019innovazione e alla creazione di valore [&hellip;]<\/p>\n","protected":false},"author":4,"featured_media":0,"parent":1500,"menu_order":0,"comment_status":"closed","ping_status":"closed","template":"template-menu-custom.php","meta":{"_acf_changed":false,"footnotes":""},"class_list":["post-1495","page","type-page","status-publish","hentry"],"featured_image_src":null,"featured_image_src_square":null,"acf":[],"_links":{"self":[{"href":"https:\/\/www.trevigroup.com\/it\/wp-json\/wp\/v2\/pages\/1495","targetHints":{"allow":["GET"]}}],"collection":[{"href":"https:\/\/www.trevigroup.com\/it\/wp-json\/wp\/v2\/pages"}],"about":[{"href":"https:\/\/www.trevigroup.com\/it\/wp-json\/wp\/v2\/types\/page"}],"author":[{"embeddable":true,"href":"https:\/\/www.trevigroup.com\/it\/wp-json\/wp\/v2\/users\/4"}],"replies":[{"embeddable":true,"href":"https:\/\/www.trevigroup.com\/it\/wp-json\/wp\/v2\/comments?post=1495"}],"version-history":[{"count":0,"href":"https:\/\/www.trevigroup.com\/it\/wp-json\/wp\/v2\/pages\/1495\/revisions"}],"up":[{"embeddable":true,"href":"https:\/\/www.trevigroup.com\/it\/wp-json\/wp\/v2\/pages\/1500"}],"wp:attachment":[{"href":"https:\/\/www.trevigroup.com\/it\/wp-json\/wp\/v2\/media?parent=1495"}],"curies":[{"name":"wp","href":"https:\/\/api.w.org\/{rel}","templated":true}]}}