{"id":1498,"date":"2025-04-18T14:35:23","date_gmt":"2025-04-18T12:35:23","guid":{"rendered":"https:\/\/trevigroupstg.wpenginepowered.com\/it\/fta-imparare-per-innovare\/"},"modified":"2025-06-04T16:52:36","modified_gmt":"2025-06-04T14:52:36","slug":"foundations-technology-academy","status":"publish","type":"page","link":"https:\/\/www.trevigroup.com\/it\/foundations-technology-academy\/","title":{"rendered":"Foundations Technology Academy"},"content":{"rendered":"\n<div class=\"wp-block-group alignwide\"><div class=\"wp-block-group__inner-container is-layout-constrained wp-block-group-is-layout-constrained\">\n<div style=\"height:60px\" aria-hidden=\"true\" class=\"wp-block-spacer\"><\/div>\n\n\n\n<h2 class=\"wp-block-heading has-text-align-center has-primary-color has-text-color has-link-color has-x-large-font-size wp-elements-a1a031b8bd6d97d56073b61c7369cba5\">FTA, Imparare per Innovare<\/h2>\n\n\n\n<div style=\"height:40px\" aria-hidden=\"true\" class=\"wp-block-spacer\"><\/div>\n\n\n\n<p class=\"has-text-align-center\">FTA \u00e8 un progetto formativo internazionale rivolto a chi desidera inserirsi nel settore fondazioni per l\u2019ingegneria civile e a chi gi\u00e0 vi lavora, ma anche a chi desidera incrementare la propria conoscenza e specializzazione sulle tecnologie di fondazione e relative attrezzature.<\/p>\n\n\n\n<p class=\"has-text-align-center\">\u00c8 una Scuola che mette al centro la persona, sviluppandone le potenzialit\u00e0 per permetterle di crescere. Perch\u00e9 la formazione \u00e8 il primo strumento di sostegno alla professionalit\u00e0 e al talento, capace perci\u00f2 di migliorare la performance e la sicurezza lavorativa, e quindi incrementando il profitto dei propri investimenti.<\/p>\n\n\n\n<p class=\"has-text-align-center\">L\u2019apprendimento \u00e8 un processo che richiede assimilazione, rielaborazione e applicazione pratica. FTA contribuisce a questo processo attraverso corsi teorici che si avvalgono di sistemi multimediali avanzati e test su campo, grazie al sostegno tecnologico offerto dal Gruppo Trevi. La manutenzione dei componenti meccanici-idraulici, l\u2019uso di attrezzature di perforazione, l\u2019approfondimento dei sistemi elettrici, il problem solving e l\u2019analisi di protocolli di sicurezza sono solo alcuni dei temi trattati durante i corsi.<\/p>\n\n\n\n<h3 class=\"wp-block-heading has-text-align-center\"><a href=\"http:\/\/www.ftacademy.it\/\" target=\"_blank\" rel=\"noreferrer noopener\">Per saperne di pi\u00f9, visita il sito www.ftacademy.it<\/a><\/h3>\n<\/div><\/div>\n\n\n\n<p><\/p>\n","protected":false},"excerpt":{"rendered":"<p>FTA, Imparare per Innovare FTA \u00e8 un progetto formativo internazionale rivolto a chi desidera inserirsi nel settore fondazioni per l\u2019ingegneria civile e a chi gi\u00e0 vi lavora, ma anche a chi desidera incrementare la propria conoscenza e specializzazione sulle tecnologie di fondazione e relative attrezzature. \u00c8 una Scuola che mette al centro la persona, sviluppandone [&hellip;]<\/p>\n","protected":false},"author":4,"featured_media":1499,"parent":0,"menu_order":0,"comment_status":"closed","ping_status":"closed","template":"","meta":{"_acf_changed":true,"footnotes":""},"class_list":["post-1498","page","type-page","status-publish","has-post-thumbnail","hentry"],"featured_image_src":"https:\/\/www.trevigroup.com\/it\/wp-content\/uploads\/sites\/2\/2025\/04\/3258_z_FTA.jpg","featured_image_src_square":"https:\/\/www.trevigroup.com\/it\/wp-content\/uploads\/sites\/2\/2025\/04\/3258_z_FTA.jpg","acf":[],"_links":{"self":[{"href":"https:\/\/www.trevigroup.com\/it\/wp-json\/wp\/v2\/pages\/1498","targetHints":{"allow":["GET"]}}],"collection":[{"href":"https:\/\/www.trevigroup.com\/it\/wp-json\/wp\/v2\/pages"}],"about":[{"href":"https:\/\/www.trevigroup.com\/it\/wp-json\/wp\/v2\/types\/page"}],"author":[{"embeddable":true,"href":"https:\/\/www.trevigroup.com\/it\/wp-json\/wp\/v2\/users\/4"}],"replies":[{"embeddable":true,"href":"https:\/\/www.trevigroup.com\/it\/wp-json\/wp\/v2\/comments?post=1498"}],"version-history":[{"count":0,"href":"https:\/\/www.trevigroup.com\/it\/wp-json\/wp\/v2\/pages\/1498\/revisions"}],"wp:featuredmedia":[{"embeddable":true,"href":"https:\/\/www.trevigroup.com\/it\/wp-json\/wp\/v2\/media\/1499"}],"wp:attachment":[{"href":"https:\/\/www.trevigroup.com\/it\/wp-json\/wp\/v2\/media?parent=1498"}],"curies":[{"name":"wp","href":"https:\/\/api.w.org\/{rel}","templated":true}]}}