{"id":1503,"date":"2025-04-18T14:35:33","date_gmt":"2025-04-18T12:35:33","guid":{"rendered":"https:\/\/trevigroupstg.wpenginepowered.com\/it\/mission\/"},"modified":"2025-09-26T09:09:26","modified_gmt":"2025-09-26T07:09:26","slug":"il-gruppo","status":"publish","type":"page","link":"https:\/\/www.trevigroup.com\/it\/il-gruppo\/","title":{"rendered":"Chi siamo"},"content":{"rendered":"\n<div class=\"wp-block-group alignwide\"><div class=\"wp-block-group__inner-container is-layout-constrained wp-block-group-is-layout-constrained\">\n<div style=\"height:60px\" aria-hidden=\"true\" class=\"wp-block-spacer\"><\/div>\n\n\n\n<h2 class=\"wp-block-heading has-text-align-center text-primary has-huge-font-size\">Oltre 65 Anni di Eccellenza<\/h2>\n\n\n\n<div style=\"height:60px\" aria-hidden=\"true\" class=\"wp-block-spacer\"><\/div>\n\n\n\n<p class=\"has-text-align-center\">Fondato a Cesena nel 1957 dal Cavalier Davide Trevisani, il Gruppo Trevi \u00e8 attualmente controllato da CDP Equity Investimenti S.p.a. e Polaris Capital Management LLC.<\/p>\n\n\n\n<p class=\"has-text-align-center\">Il Gruppo Trevi \u00e8 un leader mondiale nell\u2019ingegneria del sottosuolo per fondazioni speciali, scavi di gallerie, consolidamenti del terreno, realizzazione e commercializzazione dei macchinari e delle attrezzature specialistiche del settore.<\/p>\n\n\n\n<p class=\"has-text-align-center\">Fra le ragioni del successo del Gruppo Trevi ci sono l&#8217;internazionalizzazione e l\u2019integrazione e l\u2019interscambio continuo tra le due divisioni:&nbsp;<strong>Trevi<\/strong>, che realizza opere di fondazioni speciali e consolidamenti di terreni per grandi interventi infrastrutturali (metropolitane, dighe, porti e banchine, ponti, linee ferroviarie e autostradali, edifici industriali e civili), mette insicurezza siti inquinati e&nbsp;<strong>Soilmec<\/strong>, che progetta, produce e commercializza macchinari, impianti e servizi per l&#8217;ingegneria del sottosuolo.<\/p>\n\n\n\n<p class=\"has-text-align-center\">La capogruppo&nbsp;<a href=\"https:\/\/www.trevifin.com\/it\/\">Trevi Finanziaria Industriale Spa<\/a>&nbsp;\u00e8 quotata alla borsa di Milano dal mese di luglio 1999<\/p>\n\n\n\n<p class=\"has-text-align-center\"><br><\/p>\n\n\n\n<div class=\"wp-block-columns are-vertically-aligned-top is-layout-flex wp-container-core-columns-is-layout-9d6595d7 wp-block-columns-is-layout-flex\">\n<div class=\"wp-block-column is-vertically-aligned-top is-layout-flow wp-block-column-is-layout-flow\">\n<h2 class=\"wp-block-heading has-text-align-center text-primary has-huge-font-size\">Mission<\/h2>\n\n\n\n<hr class=\"wp-block-separator has-alpha-channel-opacity is-style-wide\" \/>\n\n\n\n<p class=\"has-text-align-center\">Progettiamo e realizziamo attrezzature, tecnologie e servizi innovativi per costruire strutture e fondazioni solide e sicure per le principali infrastrutture in grado di migliorare la qualit\u00e0 di vita delle persone<\/p>\n<\/div>\n\n\n\n<div class=\"wp-block-column is-vertically-aligned-top is-layout-flow wp-block-column-is-layout-flow\">\n<h2 class=\"wp-block-heading has-text-align-center text-primary has-huge-font-size\">Vision<\/h2>\n\n\n\n<hr class=\"wp-block-separator has-alpha-channel-opacity is-style-wide\" \/>\n\n\n\n<p class=\"has-text-align-center\">Essere il partner di riferimento nella ingegnerizzazione e realizzazione di soluzioni affidabili, durature e innovative per l&#8217;ingegneria del sottosuolo<\/p>\n<\/div>\n<\/div>\n<\/div><\/div>\n\n\n\n<div style=\"height:100px\" aria-hidden=\"true\" class=\"wp-block-spacer\"><\/div>\n\n\n\n<div class=\"wp-block-genesis-blocks-gb-columns gb-layout-columns-1 one-column alignwide\"><div class=\"gb-layout-column-wrap gb-block-layout-column-gap-2 gb-is-responsive-column\">\n<div class=\"wp-block-genesis-blocks-gb-column gb-block-layout-column\"><div class=\"gb-block-layout-column-inner\">\n<div style=\"height:0px\" aria-hidden=\"true\" id=\"timeline\" class=\"wp-block-spacer\"><\/div>\n\n\n<iframe loading=\"lazy\" src=\"https:\/\/cdn.knightlab.com\/libs\/timeline3\/latest\/embed\/index.html?source=1KmiXz7WgRk6zOyXXKEZvdR05j63yxv5OuOSzZwrzvE8&#038;font=Bitter-Raleway&#038;lang=en&#038;initial_zoom=1&#038;height=650\" width=\"100%\" height=\"650px\" frameborder=\"0\" allowfullscreen><\/iframe>\n<\/div><\/div>\n<\/div><\/div>\n\n\n\n<div style=\"height:100px\" aria-hidden=\"true\" class=\"wp-block-spacer\"><\/div>\n\n\n\n<figure class=\"wp-block-image alignfull size-large\"><img loading=\"lazy\" decoding=\"async\" width=\"1024\" height=\"182\" src=\"https:\/\/www.trevigroup.com\/it\/wp-content\/uploads\/sites\/2\/2025\/05\/directory-1-1024x182.jpg\" alt=\"\" class=\"wp-image-2023\" srcset=\"https:\/\/www.trevigroup.com\/it\/wp-content\/uploads\/sites\/2\/2025\/05\/directory-1-1024x182.jpg 1024w, https:\/\/www.trevigroup.com\/it\/wp-content\/uploads\/sites\/2\/2025\/05\/directory-1-300x53.jpg 300w, https:\/\/www.trevigroup.com\/it\/wp-content\/uploads\/sites\/2\/2025\/05\/directory-1-768x137.jpg 768w, https:\/\/www.trevigroup.com\/it\/wp-content\/uploads\/sites\/2\/2025\/05\/directory-1-1536x274.jpg 1536w, https:\/\/www.trevigroup.com\/it\/wp-content\/uploads\/sites\/2\/2025\/05\/directory-1.jpg 1600w\" sizes=\"auto, (max-width: 1024px) 100vw, 1024px\" \/><\/figure>\n\n\n\n<div style=\"height:60px\" aria-hidden=\"true\" class=\"wp-block-spacer\"><\/div>\n\n\n\n<div class=\"wp-block-group alignwide\"><div class=\"wp-block-group__inner-container is-layout-constrained wp-block-group-is-layout-constrained\">\n<h2 class=\"wp-block-heading has-text-align-center text-primary has-huge-font-size\">Il Gruppo<\/h2>\n\n\n\n<p class=\"has-text-align-center\"><strong>Un Gruppo non \u00e8 la somma di molte aziende. Il Gruppo \u00e8 un\u2019idea forte che unisce realt\u00e0 diverse, ma affini per mentalit\u00e0, spirito, impegno e passione.<\/strong><\/p>\n\n\n\n<p class=\"has-text-align-center\">Il nostro Gruppo \u00e8 cos\u00ec: sempre proteso verso nuove soluzioni e nuovi mercati, disposto a rinnovarsi, giorno dopo giorno, senza tradire se stesso, la propria identit\u00e0, i propri obiettivi. Siamo stati globali prima che la globalizzazione nascesse, attenti a cogliere ed anticipare i molteplici cambiamenti del mondo, ad integrarci con culture e storie molto diverse dalle nostre.Per questo il nuovo non ci spaventa, ma ci appassiona.<br>Oggi, dopo oltre 65 anni, affrontiamo le nuove sfide, sempre pi\u00f9 complesse, con la consapevolezza di aver maturato un\u2019esperienza importante, con il supporto di tecnologie mirate e innovative, con la forza di uomini pervasi da grandi valori, capacit\u00e0 e passioni. Un team sparso in ogni angolo del mondo ma legato da valori, identit\u00e0 e passioni comuni. Siamo il risultato di un lungo cammino, che \u00e8 allo stesso tempo sempre un nuovo punto di partenza. \u00c8 questo il senso del nostro Gruppo.<\/p>\n\n\n\n<div style=\"height:60px\" aria-hidden=\"true\" class=\"wp-block-spacer\"><\/div>\n\n\n\n<h2 class=\"wp-block-heading has-text-align-center text-primary has-huge-font-size\">Innovazione<\/h2>\n\n\n\n<p class=\"has-text-align-center\"><strong>Nulla \u00e8 pi\u00f9 saldo e allo stesso tempo pi\u00f9 mobile di una radice.&nbsp;Tra le pieghe del terreno, mentre tutto sembra fermo, tutto cambia e si rinnova. Le radici si evolvono, scelgono la strada migliore per conformarsi al terreno e, di fronte ad un ostacolo, non si fermano: scoprono la nuova via e vanno avanti, si fortificano, diventano migliori.<\/strong><\/p>\n\n\n\n<p class=\"has-text-align-center\"><br>\u00c8 proprio questo che accade quotidianamente per ogni progetto del Gruppo Trevi: qualsiasi questione tecnica, qualsiasi fondazione, diga o parcheggio, qualsiasi perforazione in terra o in mare trova nell\u2019innovazione la risposta. Non ci sono mai due progetti uguali, due terreni identici: ogni soluzione \u00e8 unica. I migliori strumenti non bastano, l\u2019innovazione non \u00e8 solo tecnologia: \u00e8 una forma mentale, un modo di essere, di vedere ed affrontare le situazioni. Per questo la nostra crescita attinge ovunque: all\u2019esperienza dei nostri professionisti, alle pi\u00f9 moderne soluzioni tecniche, alla voglia di pensare oltre, di cercare nuovi punti di vista, nuove strade.<br>Grazie a questo spirito il Gruppo Trevi ha individuato risposte nuove a problemi prima irrisolti. Perch\u00e9 ha guardato il progetto in un modo diverso, profondo, come nessuno aveva fatto prima. Ha studiato tutte le strade possibili e poi, non trovandone una adatta, ne ha creata una nuova.<\/p>\n\n\n\n<div style=\"height:60px\" aria-hidden=\"true\" class=\"wp-block-spacer\"><\/div>\n\n\n\n<h2 class=\"wp-block-heading has-text-align-center text-primary has-huge-font-size\">Ambiente<\/h2>\n\n\n\n<p class=\"has-text-align-center\"><strong>Continuiamo a cambiare. Per questo restiamo noi stessi. Le radici non sono mai le stesse: analizzano il terreno con la precisione di un chimico, ne comprendono l\u2019intima natura, lo ascoltano e cos\u00ec entrano in armonia con esso<\/strong>.<\/p>\n\n\n\n<p class=\"has-text-align-center\">In ogni parte del mondo, in tutti i progetti intrapresi, Trevi lavora con l\u2019ambiente e per l\u2019ambiente, in sintonia con le persone, in accordo con le culture. Come la terra nutre le radici ed \u00e8 da queste resa compatta, cos\u00ec il Gruppo trae linfa dal territorio, dagli uomini che incontra nel suo cammino, costruendo un rapporto stabile e proficuo, un ascolto reciproco e costante con il contesto geografico e culturale, con il tessuto sociale ed economico, un\u2019integrazione che favorisce nuove opportunit\u00e0 di sviluppo.<br>Per questo, in ogni angolo del mondo, ogni nostro progetto ricorda i volti, le esperienze e le relazioni sbocciate. Mondi diversi, ma con lo stesso bisogno di radici.<\/p>\n\n\n\n<div style=\"height:60px\" aria-hidden=\"true\" class=\"wp-block-spacer\"><\/div>\n\n\n\n<h2 class=\"wp-block-heading has-text-align-center text-primary has-huge-font-size\">Fattore Umano<\/h2>\n\n\n\n<p class=\"has-text-align-center\"><strong>Il nostro legame con la terra nasce con l\u2019uomo e per l\u2019uomo. La forza delle nostre radici risiede nel valore dell\u2019individuo, nel senso della squadra, nel coinvolgimento, nel gusto della sfida, nella determinazione di costruire qualcosa che lascer\u00e0 il segno.<\/strong><\/p>\n\n\n\n<p class=\"has-text-align-center\">Valori che ogni uomo Trevi abbraccia e condivide, una visione custodita dai pi\u00f9 esperti e trasmessa, ogni giorno, alle nuove generazioni di lavoratori. L\u2019uomo \u00e8 al centro di tutto: i suoi valori, le sue speranze e i suoi obiettivi sono anche i nostri.<br>\u00c8 questo il nostro spirito, quello di una grande famiglia che accoglie le nuove sfide con entusiasmo e dedizione, una missione che unisce tutti i nostri lavoratori in ogni parte del mondo. Ogni lavoro \u00e8 un segno tangibile di questo senso di partecipazione, di solidariet\u00e0 e di spirito di gruppo che hanno sempre contraddistinto la storia del Gruppo&nbsp;Trevi.<br>L\u2019uomo \u00e8 il nostro punto di arrivo. E il nostro punto di partenza.<\/p>\n<\/div><\/div>\n\n\n\n<div style=\"height:100px\" aria-hidden=\"true\" class=\"wp-block-spacer\"><\/div>\n\n\n\n<figure class=\"wp-block-image alignfull size-large\"><img loading=\"lazy\" decoding=\"async\" width=\"1024\" height=\"182\" src=\"https:\/\/www.trevigroup.com\/it\/wp-content\/uploads\/sites\/2\/2025\/05\/group-1024x182.jpg\" alt=\"\" class=\"wp-image-2026\" srcset=\"https:\/\/www.trevigroup.com\/it\/wp-content\/uploads\/sites\/2\/2025\/05\/group-1024x182.jpg 1024w, https:\/\/www.trevigroup.com\/it\/wp-content\/uploads\/sites\/2\/2025\/05\/group-300x53.jpg 300w, https:\/\/www.trevigroup.com\/it\/wp-content\/uploads\/sites\/2\/2025\/05\/group-768x137.jpg 768w, https:\/\/www.trevigroup.com\/it\/wp-content\/uploads\/sites\/2\/2025\/05\/group-1536x274.jpg 1536w, https:\/\/www.trevigroup.com\/it\/wp-content\/uploads\/sites\/2\/2025\/05\/group.jpg 1600w\" sizes=\"auto, (max-width: 1024px) 100vw, 1024px\" \/><\/figure>\n\n\n\n<div class=\"wp-block-group alignfull has-secondary-background-color has-background\"><div class=\"wp-block-group__inner-container is-layout-constrained wp-block-group-is-layout-constrained\">\n<div style=\"height:60px\" aria-hidden=\"true\" class=\"wp-block-spacer\"><\/div>\n\n\n\n<h2 class=\"wp-block-heading alignfull has-text-align-center text-primary has-huge-font-size\">Il Nostro Gruppo<\/h2>\n\n\n\n<div style=\"height:60px\" aria-hidden=\"true\" class=\"wp-block-spacer\"><\/div>\n\n\n\n<div class=\"wp-block-genesis-blocks-gb-columns gb-layout-columns-4 gb-4-col-equal gb-columns-center\"><div class=\"gb-layout-column-wrap gb-block-layout-column-gap-2 gb-is-responsive-column\" style=\"max-width:1110px\">\n<div class=\"wp-block-genesis-blocks-gb-column gb-block-layout-column\"><div class=\"gb-block-layout-column-inner\">\n<p><\/p>\n<\/div><\/div>\n\n\n\n<div class=\"wp-block-genesis-blocks-gb-column gb-block-layout-column\"><div class=\"gb-block-layout-column-inner\"><div class=\"wp-block-image\">\n<figure class=\"aligncenter size-full\"><a href=\"https:\/\/trevispa.com\/it\/\"><img loading=\"lazy\" decoding=\"async\" width=\"800\" height=\"320\" src=\"https:\/\/www.trevigroup.com\/it\/wp-content\/uploads\/sites\/2\/2025\/06\/trevi-bianco-1.jpg\" alt=\"\" class=\"wp-image-2189\" style=\"object-fit:cover\" srcset=\"https:\/\/www.trevigroup.com\/it\/wp-content\/uploads\/sites\/2\/2025\/06\/trevi-bianco-1.jpg 800w, https:\/\/www.trevigroup.com\/it\/wp-content\/uploads\/sites\/2\/2025\/06\/trevi-bianco-1-300x120.jpg 300w, https:\/\/www.trevigroup.com\/it\/wp-content\/uploads\/sites\/2\/2025\/06\/trevi-bianco-1-768x307.jpg 768w\" sizes=\"auto, (max-width: 800px) 100vw, 800px\" \/><\/a><\/figure>\n<\/div>\n\n\n<p class=\"has-text-align-center has-gray-color has-text-color has-link-color has-small-font-size wp-elements-864ec0037d06783432f1313cdfaf7164\">TREVI opera a livelli di eccellenza nella realizzazione di opere specializzate nel settore dell&#8217;ingegneria del sottosuolo, offrendo servizi ad alto valore aggiunto con elevati margini di redditivit\u00e0.<\/p>\n<\/div><\/div>\n\n\n\n<div class=\"wp-block-genesis-blocks-gb-column gb-block-layout-column\"><div class=\"gb-block-layout-column-inner\"><div class=\"wp-block-image\">\n<figure class=\"aligncenter size-full\"><a href=\"https:\/\/www.soilmec.com\/en\/\"><img loading=\"lazy\" decoding=\"async\" width=\"800\" height=\"320\" src=\"https:\/\/www.trevigroup.com\/it\/wp-content\/uploads\/sites\/2\/2025\/06\/solimec-bianco-1.jpg\" alt=\"\" class=\"wp-image-2192\" style=\"object-fit:cover\" srcset=\"https:\/\/www.trevigroup.com\/it\/wp-content\/uploads\/sites\/2\/2025\/06\/solimec-bianco-1.jpg 800w, https:\/\/www.trevigroup.com\/it\/wp-content\/uploads\/sites\/2\/2025\/06\/solimec-bianco-1-300x120.jpg 300w, https:\/\/www.trevigroup.com\/it\/wp-content\/uploads\/sites\/2\/2025\/06\/solimec-bianco-1-768x307.jpg 768w\" sizes=\"auto, (max-width: 800px) 100vw, 800px\" \/><\/a><\/figure>\n<\/div>\n\n\n<p class=\"has-text-align-center has-gray-color has-text-color has-link-color has-small-font-size wp-elements-6e3fb2fd659674fc564950c912b927d9\">SOILMEC produce impianti e macchinari che vengono&nbsp; utilizzati per l&#8217;ingegneria del sottosuolo. I suoi&nbsp; prodotti sono frutto di un&#8217;esperienza di oltre 50 anni, provati nelle condizioni pi\u00f9 difficili, nei lavori che il&nbsp; Gruppo svolge nel mondo attraverso la Divisione TREVI.<br><\/p>\n<\/div><\/div>\n\n\n\n<div class=\"wp-block-genesis-blocks-gb-column gb-block-layout-column\"><div class=\"gb-block-layout-column-inner\">\n<p><\/p>\n<\/div><\/div>\n<\/div><\/div>\n\n\n\n<div style=\"height:60px\" aria-hidden=\"true\" class=\"wp-block-spacer\"><\/div>\n<\/div><\/div>\n","protected":false},"excerpt":{"rendered":"<p>Oltre 65 Anni di Eccellenza Fondato a Cesena nel 1957 dal Cavalier Davide Trevisani, il Gruppo Trevi \u00e8 attualmente controllato da CDP Equity Investimenti S.p.a. e Polaris Capital Management LLC. Il Gruppo Trevi \u00e8 un leader mondiale nell\u2019ingegneria del sottosuolo per fondazioni speciali, scavi di gallerie, consolidamenti del terreno, realizzazione e commercializzazione dei macchinari e [&hellip;]<\/p>\n","protected":false},"author":4,"featured_media":1504,"parent":0,"menu_order":0,"comment_status":"closed","ping_status":"closed","template":"","meta":{"_acf_changed":false,"footnotes":""},"class_list":["post-1503","page","type-page","status-publish","has-post-thumbnail","hentry"],"featured_image_src":"https:\/\/www.trevigroup.com\/it\/wp-content\/uploads\/sites\/2\/2025\/04\/3359_z_GrandParis_1600x540.jpg","featured_image_src_square":"https:\/\/www.trevigroup.com\/it\/wp-content\/uploads\/sites\/2\/2025\/04\/3359_z_GrandParis_1600x540.jpg","acf":[],"_links":{"self":[{"href":"https:\/\/www.trevigroup.com\/it\/wp-json\/wp\/v2\/pages\/1503","targetHints":{"allow":["GET"]}}],"collection":[{"href":"https:\/\/www.trevigroup.com\/it\/wp-json\/wp\/v2\/pages"}],"about":[{"href":"https:\/\/www.trevigroup.com\/it\/wp-json\/wp\/v2\/types\/page"}],"author":[{"embeddable":true,"href":"https:\/\/www.trevigroup.com\/it\/wp-json\/wp\/v2\/users\/4"}],"replies":[{"embeddable":true,"href":"https:\/\/www.trevigroup.com\/it\/wp-json\/wp\/v2\/comments?post=1503"}],"version-history":[{"count":0,"href":"https:\/\/www.trevigroup.com\/it\/wp-json\/wp\/v2\/pages\/1503\/revisions"}],"wp:featuredmedia":[{"embeddable":true,"href":"https:\/\/www.trevigroup.com\/it\/wp-json\/wp\/v2\/media\/1504"}],"wp:attachment":[{"href":"https:\/\/www.trevigroup.com\/it\/wp-json\/wp\/v2\/media?parent=1503"}],"curies":[{"name":"wp","href":"https:\/\/api.w.org\/{rel}","templated":true}]}}