{"id":1581,"date":"2025-04-18T14:35:55","date_gmt":"2025-04-18T12:35:55","guid":{"rendered":"https:\/\/trevigroupstg.wpenginepowered.com\/it\/strategia-di-sostenibilita\/"},"modified":"2025-07-29T16:25:13","modified_gmt":"2025-07-29T14:25:13","slug":"strategia-di-sostenibilita","status":"publish","type":"page","link":"https:\/\/www.trevigroup.com\/it\/sostenibilita\/strategia-di-sostenibilita\/","title":{"rendered":"Strategia di Sostenibilit\u00e0"},"content":{"rendered":"\n<div class=\"wp-block-group alignwide\"><div class=\"wp-block-group__inner-container is-layout-constrained wp-block-group-is-layout-constrained\">\n<div class=\"wp-block-columns is-layout-flex wp-container-core-columns-is-layout-9d6595d7 wp-block-columns-is-layout-flex\">\n<div class=\"wp-block-column is-layout-flow wp-block-column-is-layout-flow\" style=\"flex-basis:66.66%\">\n<p>Il 25 settembre 2015, le Nazioni Unite hanno approvato&nbsp;l\u2019Agenda Globale per lo&nbsp;sviluppo sostenibile&nbsp;ed i relativi 17 obiettivi di sviluppo sostenibile (Sustainable&nbsp;Development&nbsp;Goals&nbsp;\u2013&nbsp;SDGs) da raggiungere&nbsp;entro il 2030.&nbsp;<\/p>\n\n\n\n<p>L\u2019attuazione dell\u2019Agenda richiede un forte coinvolgimento di&nbsp;tutte le componenti della&nbsp;societ\u00e0, dalle&nbsp;imprese&nbsp;al settore pubblico, dalla societ\u00e0 civile alle istituzioni&nbsp;filantropiche, dalle universit\u00e0 ai centri di ricerca agli operatori dell\u2019informazione e&nbsp;della cultura.&nbsp;\u200b<\/p>\n<\/div>\n\n\n\n<div class=\"wp-block-column is-layout-flow wp-block-column-is-layout-flow\" style=\"flex-basis:33.33%\"><div class=\"wp-block-image\">\n<figure class=\"aligncenter size-large\"><img loading=\"lazy\" decoding=\"async\" width=\"1024\" height=\"606\" src=\"https:\/\/www.trevigroup.com\/it\/wp-content\/uploads\/sites\/2\/2025\/05\/E_SDG_logo_without_UN_emblem_square_CMYK-1024x606.jpg\" alt=\"\" class=\"wp-image-2041\" srcset=\"https:\/\/www.trevigroup.com\/it\/wp-content\/uploads\/sites\/2\/2025\/05\/E_SDG_logo_without_UN_emblem_square_CMYK-1024x606.jpg 1024w, https:\/\/www.trevigroup.com\/it\/wp-content\/uploads\/sites\/2\/2025\/05\/E_SDG_logo_without_UN_emblem_square_CMYK-300x177.jpg 300w, https:\/\/www.trevigroup.com\/it\/wp-content\/uploads\/sites\/2\/2025\/05\/E_SDG_logo_without_UN_emblem_square_CMYK-768x454.jpg 768w, https:\/\/www.trevigroup.com\/it\/wp-content\/uploads\/sites\/2\/2025\/05\/E_SDG_logo_without_UN_emblem_square_CMYK-1536x909.jpg 1536w, https:\/\/www.trevigroup.com\/it\/wp-content\/uploads\/sites\/2\/2025\/05\/E_SDG_logo_without_UN_emblem_square_CMYK-2048x1212.jpg 2048w\" sizes=\"auto, (max-width: 1024px) 100vw, 1024px\" \/><\/figure>\n<\/div><\/div>\n<\/div>\n\n\n\n<figure class=\"wp-block-image size-large\"><img loading=\"lazy\" decoding=\"async\" width=\"1024\" height=\"528\" src=\"https:\/\/www.trevigroup.com\/it\/wp-content\/uploads\/sites\/2\/2025\/05\/17obj-1024x528.jpg\" alt=\"\" class=\"wp-image-2043\" srcset=\"https:\/\/www.trevigroup.com\/it\/wp-content\/uploads\/sites\/2\/2025\/05\/17obj-1024x528.jpg 1024w, https:\/\/www.trevigroup.com\/it\/wp-content\/uploads\/sites\/2\/2025\/05\/17obj-300x155.jpg 300w, https:\/\/www.trevigroup.com\/it\/wp-content\/uploads\/sites\/2\/2025\/05\/17obj-768x396.jpg 768w, https:\/\/www.trevigroup.com\/it\/wp-content\/uploads\/sites\/2\/2025\/05\/17obj.jpg 1420w\" sizes=\"auto, (max-width: 1024px) 100vw, 1024px\" \/><\/figure>\n\n\n\n<div style=\"height:40px\" aria-hidden=\"true\" class=\"wp-block-spacer\"><\/div>\n\n\n\n<h2 class=\"wp-block-heading has-text-align-center\"><strong>Missione del Gruppo Trevi\u200b:&nbsp;<\/strong>Progettiamo e realizziamo attrezzature, tecnologie e servizi innovativi per costruire strutture e fondazioni solide e sicure per le principali infrastrutture in grado di migliorare la qualit\u00e0 di vita delle persone\u200b<\/h2>\n\n\n\n<p class=\"has-text-align-center\">In relazione alla missione&nbsp;del Gruppo sono stati identificati gli obiettivi (SDGs)&nbsp;maggiormente&nbsp;rilevanti per il&nbsp;Gruppo Trevi in termini di potenziale contributo allo sviluppo sostenibile.<\/p>\n\n\n\n<div style=\"height:40px\" aria-hidden=\"true\" class=\"wp-block-spacer\"><\/div>\n\n\n\n<div class=\"wp-block-columns is-layout-flex wp-container-core-columns-is-layout-9d6595d7 wp-block-columns-is-layout-flex\">\n<div class=\"wp-block-column is-layout-flow wp-block-column-is-layout-flow\">\n<div class=\"wp-block-columns is-layout-flex wp-container-core-columns-is-layout-9d6595d7 wp-block-columns-is-layout-flex\">\n<div class=\"wp-block-column is-layout-flow wp-block-column-is-layout-flow\">\n<figure class=\"wp-block-image size-large\"><img loading=\"lazy\" decoding=\"async\" width=\"1024\" height=\"1024\" src=\"https:\/\/www.trevigroup.com\/it\/wp-content\/uploads\/sites\/2\/2025\/05\/E-WEB-Goal-08-1024x1024.png\" alt=\"\" class=\"wp-image-2045\" srcset=\"https:\/\/www.trevigroup.com\/it\/wp-content\/uploads\/sites\/2\/2025\/05\/E-WEB-Goal-08-1024x1024.png 1024w, https:\/\/www.trevigroup.com\/it\/wp-content\/uploads\/sites\/2\/2025\/05\/E-WEB-Goal-08-300x300.png 300w, https:\/\/www.trevigroup.com\/it\/wp-content\/uploads\/sites\/2\/2025\/05\/E-WEB-Goal-08-150x150.png 150w, https:\/\/www.trevigroup.com\/it\/wp-content\/uploads\/sites\/2\/2025\/05\/E-WEB-Goal-08-768x768.png 768w, https:\/\/www.trevigroup.com\/it\/wp-content\/uploads\/sites\/2\/2025\/05\/E-WEB-Goal-08-600x600.png 600w, https:\/\/www.trevigroup.com\/it\/wp-content\/uploads\/sites\/2\/2025\/05\/E-WEB-Goal-08.png 1500w\" sizes=\"auto, (max-width: 1024px) 100vw, 1024px\" \/><\/figure>\n<\/div>\n\n\n\n<div class=\"wp-block-column is-layout-flow wp-block-column-is-layout-flow\">\n<figure class=\"wp-block-image size-large\"><img loading=\"lazy\" decoding=\"async\" width=\"1024\" height=\"1024\" src=\"https:\/\/www.trevigroup.com\/it\/wp-content\/uploads\/sites\/2\/2025\/05\/E-WEB-Goal-091-1024x1024.png\" alt=\"\" class=\"wp-image-2046\" srcset=\"https:\/\/www.trevigroup.com\/it\/wp-content\/uploads\/sites\/2\/2025\/05\/E-WEB-Goal-091-1024x1024.png 1024w, https:\/\/www.trevigroup.com\/it\/wp-content\/uploads\/sites\/2\/2025\/05\/E-WEB-Goal-091-300x300.png 300w, https:\/\/www.trevigroup.com\/it\/wp-content\/uploads\/sites\/2\/2025\/05\/E-WEB-Goal-091-150x150.png 150w, https:\/\/www.trevigroup.com\/it\/wp-content\/uploads\/sites\/2\/2025\/05\/E-WEB-Goal-091-768x768.png 768w, https:\/\/www.trevigroup.com\/it\/wp-content\/uploads\/sites\/2\/2025\/05\/E-WEB-Goal-091-600x600.png 600w, https:\/\/www.trevigroup.com\/it\/wp-content\/uploads\/sites\/2\/2025\/05\/E-WEB-Goal-091.png 1500w\" sizes=\"auto, (max-width: 1024px) 100vw, 1024px\" \/><\/figure>\n<\/div>\n\n\n\n<div class=\"wp-block-column is-layout-flow wp-block-column-is-layout-flow\">\n<figure class=\"wp-block-image size-large\"><img loading=\"lazy\" decoding=\"async\" width=\"1024\" height=\"1024\" src=\"https:\/\/www.trevigroup.com\/it\/wp-content\/uploads\/sites\/2\/2025\/05\/E-WEB-Goal-11-1-1024x1024.png\" alt=\"\" class=\"wp-image-2047\" srcset=\"https:\/\/www.trevigroup.com\/it\/wp-content\/uploads\/sites\/2\/2025\/05\/E-WEB-Goal-11-1-1024x1024.png 1024w, https:\/\/www.trevigroup.com\/it\/wp-content\/uploads\/sites\/2\/2025\/05\/E-WEB-Goal-11-1-300x300.png 300w, https:\/\/www.trevigroup.com\/it\/wp-content\/uploads\/sites\/2\/2025\/05\/E-WEB-Goal-11-1-150x150.png 150w, https:\/\/www.trevigroup.com\/it\/wp-content\/uploads\/sites\/2\/2025\/05\/E-WEB-Goal-11-1-768x768.png 768w, https:\/\/www.trevigroup.com\/it\/wp-content\/uploads\/sites\/2\/2025\/05\/E-WEB-Goal-11-1-600x600.png 600w, https:\/\/www.trevigroup.com\/it\/wp-content\/uploads\/sites\/2\/2025\/05\/E-WEB-Goal-11-1.png 1500w\" sizes=\"auto, (max-width: 1024px) 100vw, 1024px\" \/><\/figure>\n<\/div>\n<\/div>\n<\/div>\n\n\n\n<div class=\"wp-block-column is-layout-flow wp-block-column-is-layout-flow\">\n<div class=\"wp-block-columns is-layout-flex wp-container-core-columns-is-layout-9d6595d7 wp-block-columns-is-layout-flex\">\n<div class=\"wp-block-column is-layout-flow wp-block-column-is-layout-flow\">\n<figure class=\"wp-block-image size-large\"><img loading=\"lazy\" decoding=\"async\" width=\"1024\" height=\"1024\" src=\"https:\/\/www.trevigroup.com\/it\/wp-content\/uploads\/sites\/2\/2025\/05\/E-WEB-Goal-12-1024x1024.png\" alt=\"\" class=\"wp-image-2048\" srcset=\"https:\/\/www.trevigroup.com\/it\/wp-content\/uploads\/sites\/2\/2025\/05\/E-WEB-Goal-12-1024x1024.png 1024w, https:\/\/www.trevigroup.com\/it\/wp-content\/uploads\/sites\/2\/2025\/05\/E-WEB-Goal-12-300x300.png 300w, https:\/\/www.trevigroup.com\/it\/wp-content\/uploads\/sites\/2\/2025\/05\/E-WEB-Goal-12-150x150.png 150w, https:\/\/www.trevigroup.com\/it\/wp-content\/uploads\/sites\/2\/2025\/05\/E-WEB-Goal-12-768x768.png 768w, https:\/\/www.trevigroup.com\/it\/wp-content\/uploads\/sites\/2\/2025\/05\/E-WEB-Goal-12-600x600.png 600w, https:\/\/www.trevigroup.com\/it\/wp-content\/uploads\/sites\/2\/2025\/05\/E-WEB-Goal-12.png 1500w\" sizes=\"auto, (max-width: 1024px) 100vw, 1024px\" \/><\/figure>\n<\/div>\n\n\n\n<div class=\"wp-block-column is-layout-flow wp-block-column-is-layout-flow\">\n<figure class=\"wp-block-image size-large\"><img loading=\"lazy\" decoding=\"async\" width=\"1024\" height=\"1024\" src=\"https:\/\/www.trevigroup.com\/it\/wp-content\/uploads\/sites\/2\/2025\/05\/E-WEB-Goal-13-1024x1024.png\" alt=\"\" class=\"wp-image-2050\" srcset=\"https:\/\/www.trevigroup.com\/it\/wp-content\/uploads\/sites\/2\/2025\/05\/E-WEB-Goal-13-1024x1024.png 1024w, https:\/\/www.trevigroup.com\/it\/wp-content\/uploads\/sites\/2\/2025\/05\/E-WEB-Goal-13-300x300.png 300w, https:\/\/www.trevigroup.com\/it\/wp-content\/uploads\/sites\/2\/2025\/05\/E-WEB-Goal-13-150x150.png 150w, https:\/\/www.trevigroup.com\/it\/wp-content\/uploads\/sites\/2\/2025\/05\/E-WEB-Goal-13-768x768.png 768w, https:\/\/www.trevigroup.com\/it\/wp-content\/uploads\/sites\/2\/2025\/05\/E-WEB-Goal-13-600x600.png 600w, https:\/\/www.trevigroup.com\/it\/wp-content\/uploads\/sites\/2\/2025\/05\/E-WEB-Goal-13.png 1500w\" sizes=\"auto, (max-width: 1024px) 100vw, 1024px\" \/><\/figure>\n<\/div>\n\n\n\n<div class=\"wp-block-column is-layout-flow wp-block-column-is-layout-flow\">\n<figure class=\"wp-block-image size-large\"><img loading=\"lazy\" decoding=\"async\" width=\"1024\" height=\"1024\" src=\"https:\/\/www.trevigroup.com\/it\/wp-content\/uploads\/sites\/2\/2025\/05\/E-WEB-Goal-16-1024x1024.png\" alt=\"\" class=\"wp-image-2051\" srcset=\"https:\/\/www.trevigroup.com\/it\/wp-content\/uploads\/sites\/2\/2025\/05\/E-WEB-Goal-16-1024x1024.png 1024w, https:\/\/www.trevigroup.com\/it\/wp-content\/uploads\/sites\/2\/2025\/05\/E-WEB-Goal-16-300x300.png 300w, https:\/\/www.trevigroup.com\/it\/wp-content\/uploads\/sites\/2\/2025\/05\/E-WEB-Goal-16-150x150.png 150w, https:\/\/www.trevigroup.com\/it\/wp-content\/uploads\/sites\/2\/2025\/05\/E-WEB-Goal-16-768x768.png 768w, https:\/\/www.trevigroup.com\/it\/wp-content\/uploads\/sites\/2\/2025\/05\/E-WEB-Goal-16-600x600.png 600w, https:\/\/www.trevigroup.com\/it\/wp-content\/uploads\/sites\/2\/2025\/05\/E-WEB-Goal-16.png 1500w\" sizes=\"auto, (max-width: 1024px) 100vw, 1024px\" \/><\/figure>\n<\/div>\n<\/div>\n<\/div>\n<\/div>\n\n\n\n<div style=\"height:40px\" aria-hidden=\"true\" class=\"wp-block-spacer\"><\/div>\n\n\n\n<h2 class=\"wp-block-heading has-text-align-center\"><strong><strong>Il Gruppo Trevi ha seguito le indicazioni delle Nazioni Unite&nbsp;ed ha scelto di dare il proprio&nbsp;contributo impegnandosi sui 5 pilastri globali cos\u00ec definiti :&nbsp;Persone, Pianeta,&nbsp;Pace, Prosperit\u00e0\u200b e Collaborazione<\/strong><\/strong><\/h2>\n\n\n\n<div style=\"height:40px\" aria-hidden=\"true\" class=\"wp-block-spacer\"><\/div>\n\n\n\n<p class=\"has-text-align-center\"><br><\/p>\n\n\n<div class=\"wp-block-image\">\n<figure class=\"aligncenter size-full is-resized\"><img loading=\"lazy\" decoding=\"async\" width=\"709\" height=\"709\" src=\"https:\/\/www.trevigroup.com\/it\/wp-content\/uploads\/sites\/2\/2025\/05\/SOSTENIBILITA-5-pillars.jpg\" alt=\"\" class=\"wp-image-2053\" style=\"width:auto;height:500px\" srcset=\"https:\/\/www.trevigroup.com\/it\/wp-content\/uploads\/sites\/2\/2025\/05\/SOSTENIBILITA-5-pillars.jpg 709w, https:\/\/www.trevigroup.com\/it\/wp-content\/uploads\/sites\/2\/2025\/05\/SOSTENIBILITA-5-pillars-300x300.jpg 300w, https:\/\/www.trevigroup.com\/it\/wp-content\/uploads\/sites\/2\/2025\/05\/SOSTENIBILITA-5-pillars-150x150.jpg 150w, https:\/\/www.trevigroup.com\/it\/wp-content\/uploads\/sites\/2\/2025\/05\/SOSTENIBILITA-5-pillars-600x600.jpg 600w\" sizes=\"auto, (max-width: 709px) 100vw, 709px\" \/><\/figure>\n<\/div>\n\n\n<div style=\"height:40px\" aria-hidden=\"true\" class=\"wp-block-spacer\"><\/div>\n\n\n\n<h2 class=\"wp-block-heading has-text-align-center\"><strong><strong>Il Gruppo Trevi, in attesa di definire il nuovo Piano di Sostenibilit\u00e0 2025 &#8211; 2027, che terr\u00e0 conto degli obiettivi di sostenibilit\u00e0 sollecitati dalla direttiva CSRD, ha identificato alcuni obiettivi ESG.<\/strong><\/strong><\/h2>\n\n\n\n<p><strong>Questi obiettivi, in linea con gli obiettivi SDG\u2019s, potranno concorrere alla realizzazione del Piano Industriale consolidato e&nbsp;<\/strong>riguardano i principali gruppi di servizi del Gruppo, i mercati in cui opera e le relazioni con gli stakeholder.&nbsp;&nbsp;<\/p>\n\n\n\n<ul class=\"wp-block-list\">\n<li>Nell\u2019ambito della&nbsp;<strong>riduzione dell\u2019impronta ambientale<\/strong>, l\u2019obiettivo prevede l\u2019adozione di strategie per la decarbonizzazione, il miglioramento dell\u2019efficienza energetica e l\u2019ottimizzazione dei processi produttivi.&nbsp;&nbsp;<\/li>\n\n\n\n<li>La<strong>&nbsp;protezione della salute e della sicurezza&nbsp;<\/strong>rappresenta un\u2019altra area chiave di intervento, con iniziative finalizzate alla promozione di ambienti di lavoro sicuri e alla riduzione del rischio operativo.&nbsp;&nbsp;<\/li>\n\n\n\n<li>Per quanto riguarda&nbsp;<strong>la gestione della supply chain<\/strong>, il Gruppo si impegna a integrare criteri di sostenibilit\u00e0 nei processi di selezione e gestione dei fornitori, con l\u2019obiettivo di garantire elevati standard ambientali e sociali lungo tutta la catena&nbsp; del valore.&nbsp;&nbsp;<\/li>\n\n\n\n<li>Parallelamente,&nbsp;<strong>l\u2019innovazione tecnologica e la digitalizzazione&nbsp;<\/strong>dei processi costituiscono un elemento strategico per l\u2019evoluzione del modello di business, con particolare attenzione allo sviluppo di soluzioni che migliorino la gestione della sostenibilit\u00e0 e la trasparenza delle informazioni.&nbsp;<\/li>\n<\/ul>\n<\/div><\/div>\n\n\n\n<div style=\"height:100px\" aria-hidden=\"true\" class=\"wp-block-spacer\"><\/div>\n","protected":false},"excerpt":{"rendered":"<p>Il 25 settembre 2015, le Nazioni Unite hanno approvato&nbsp;l\u2019Agenda Globale per lo&nbsp;sviluppo sostenibile&nbsp;ed i relativi 17 obiettivi di sviluppo sostenibile (Sustainable&nbsp;Development&nbsp;Goals&nbsp;\u2013&nbsp;SDGs) da raggiungere&nbsp;entro il 2030.&nbsp; L\u2019attuazione dell\u2019Agenda richiede un forte coinvolgimento di&nbsp;tutte le componenti della&nbsp;societ\u00e0, dalle&nbsp;imprese&nbsp;al settore pubblico, dalla societ\u00e0 civile alle istituzioni&nbsp;filantropiche, dalle universit\u00e0 ai centri di ricerca agli operatori dell\u2019informazione e&nbsp;della cultura.&nbsp;\u200b Missione [&hellip;]<\/p>\n","protected":false},"author":4,"featured_media":1582,"parent":1578,"menu_order":30,"comment_status":"closed","ping_status":"closed","template":"","meta":{"_acf_changed":false,"footnotes":""},"class_list":["post-1581","page","type-page","status-publish","has-post-thumbnail","hentry"],"featured_image_src":"https:\/\/www.trevigroup.com\/it\/wp-content\/uploads\/sites\/2\/2025\/04\/3401_z_Strategy.jpg","featured_image_src_square":"https:\/\/www.trevigroup.com\/it\/wp-content\/uploads\/sites\/2\/2025\/04\/3401_z_Strategy.jpg","acf":[],"_links":{"self":[{"href":"https:\/\/www.trevigroup.com\/it\/wp-json\/wp\/v2\/pages\/1581","targetHints":{"allow":["GET"]}}],"collection":[{"href":"https:\/\/www.trevigroup.com\/it\/wp-json\/wp\/v2\/pages"}],"about":[{"href":"https:\/\/www.trevigroup.com\/it\/wp-json\/wp\/v2\/types\/page"}],"author":[{"embeddable":true,"href":"https:\/\/www.trevigroup.com\/it\/wp-json\/wp\/v2\/users\/4"}],"replies":[{"embeddable":true,"href":"https:\/\/www.trevigroup.com\/it\/wp-json\/wp\/v2\/comments?post=1581"}],"version-history":[{"count":0,"href":"https:\/\/www.trevigroup.com\/it\/wp-json\/wp\/v2\/pages\/1581\/revisions"}],"up":[{"embeddable":true,"href":"https:\/\/www.trevigroup.com\/it\/wp-json\/wp\/v2\/pages\/1578"}],"wp:featuredmedia":[{"embeddable":true,"href":"https:\/\/www.trevigroup.com\/it\/wp-json\/wp\/v2\/media\/1582"}],"wp:attachment":[{"href":"https:\/\/www.trevigroup.com\/it\/wp-json\/wp\/v2\/media?parent=1581"}],"curies":[{"name":"wp","href":"https:\/\/api.w.org\/{rel}","templated":true}]}}